{"id":660,"date":"2025-09-24T09:53:44","date_gmt":"2025-09-24T07:53:44","guid":{"rendered":"https:\/\/pre.kineo-medical.de\/?page_id=660"},"modified":"2025-11-06T17:10:53","modified_gmt":"2025-11-06T16:10:53","slug":"apotheken-2","status":"publish","type":"page","link":"https:\/\/kineo-medical.de\/?page_id=660","title":{"rendered":"Apotheken"},"content":{"rendered":"\t\t<div data-elementor-type=\"wp-page\" data-elementor-id=\"660\" class=\"elementor elementor-660\" data-elementor-post-type=\"page\">\n\t\t\t\t<div class=\"elementor-element elementor-element-3c4647a elementor-hidden-mobile e-flex e-con-boxed e-con e-parent\" data-id=\"3c4647a\" data-element_type=\"container\" data-e-type=\"container\">\n\t\t\t\t\t<div class=\"e-con-inner\">\n\t\t<div class=\"elementor-element elementor-element-73e876b e-con-full e-flex e-con e-child\" data-id=\"73e876b\" data-element_type=\"container\" data-e-type=\"container\" data-settings=\"{&quot;background_background&quot;:&quot;classic&quot;}\">\n\t\t\t\t<\/div>\n\t\t<div class=\"elementor-element elementor-element-5cb0042 e-con-full e-flex e-con e-child\" data-id=\"5cb0042\" data-element_type=\"container\" data-e-type=\"container\">\n\t\t\t\t<div class=\"elementor-element elementor-element-22aa6a1 elementor-widget elementor-widget-image\" data-id=\"22aa6a1\" data-element_type=\"widget\" data-e-type=\"widget\" data-widget_type=\"image.default\">\n\t\t\t\t\t\t\t\t\t\t\t\t\t\t\t<img fetchpriority=\"high\" decoding=\"async\" width=\"1536\" height=\"1024\" src=\"https:\/\/kineo-medical.de\/wp-content\/uploads\/2025\/09\/6c947dae8cb3bc29b68ea2385b2758785de9591f.png\" class=\"attachment-full size-full wp-image-932\" alt=\"\" srcset=\"https:\/\/kineo-medical.de\/wp-content\/uploads\/2025\/09\/6c947dae8cb3bc29b68ea2385b2758785de9591f.png 1536w, https:\/\/kineo-medical.de\/wp-content\/uploads\/2025\/09\/6c947dae8cb3bc29b68ea2385b2758785de9591f-300x200.png 300w, https:\/\/kineo-medical.de\/wp-content\/uploads\/2025\/09\/6c947dae8cb3bc29b68ea2385b2758785de9591f-1024x683.png 1024w, https:\/\/kineo-medical.de\/wp-content\/uploads\/2025\/09\/6c947dae8cb3bc29b68ea2385b2758785de9591f-768x512.png 768w\" sizes=\"(max-width: 1536px) 100vw, 1536px\" \/>\t\t\t\t\t\t\t\t\t\t\t\t\t\t\t<\/div>\n\t\t\t\t<div class=\"elementor-element elementor-element-af698fa elementor-widget elementor-widget-heading\" data-id=\"af698fa\" data-element_type=\"widget\" data-e-type=\"widget\" data-widget_type=\"heading.default\">\n\t\t\t\t\t<h2 class=\"elementor-heading-title elementor-size-default\">apotheken<\/h2>\t\t\t\t<\/div>\n\t\t\t\t<\/div>\n\t\t<div class=\"elementor-element elementor-element-79949fe e-con-full e-flex e-con e-child\" data-id=\"79949fe\" data-element_type=\"container\" data-e-type=\"container\" data-settings=\"{&quot;background_background&quot;:&quot;classic&quot;}\">\n\t\t\t\t<\/div>\n\t\t\t\t\t<\/div>\n\t\t\t\t<\/div>\n\t\t<div class=\"elementor-element elementor-element-51e667f elementor-hidden-desktop elementor-hidden-tablet e-flex e-con-boxed e-con e-parent\" data-id=\"51e667f\" data-element_type=\"container\" data-e-type=\"container\" data-settings=\"{&quot;background_background&quot;:&quot;classic&quot;}\">\n\t\t\t\t\t<div class=\"e-con-inner\">\n\t\t\t\t<div class=\"elementor-element elementor-element-9d8ff9a elementor-widget elementor-widget-heading\" data-id=\"9d8ff9a\" data-element_type=\"widget\" data-e-type=\"widget\" data-widget_type=\"heading.default\">\n\t\t\t\t\t<h2 class=\"elementor-heading-title elementor-size-default\">apotheken<\/h2>\t\t\t\t<\/div>\n\t\t\t\t\t<\/div>\n\t\t\t\t<\/div>\n\t\t<div class=\"elementor-element elementor-element-b4012d1 e-flex e-con-boxed e-con e-parent\" data-id=\"b4012d1\" data-element_type=\"container\" data-e-type=\"container\" data-settings=\"{&quot;background_background&quot;:&quot;classic&quot;}\">\n\t\t\t\t\t<div class=\"e-con-inner\">\n\t\t<div class=\"elementor-element elementor-element-4f1d8c5 e-con-full e-flex e-con e-child\" data-id=\"4f1d8c5\" data-element_type=\"container\" data-e-type=\"container\">\n\t\t\t\t<div class=\"elementor-element elementor-element-b10f2de elementor-widget elementor-widget-image\" data-id=\"b10f2de\" data-element_type=\"widget\" data-e-type=\"widget\" data-widget_type=\"image.default\">\n\t\t\t\t\t\t\t\t\t\t\t\t\t\t\t<img decoding=\"async\" src=\"https:\/\/kineo-medical.de\/wp-content\/uploads\/elementor\/thumbs\/c3641733f04f5126b4d0d9e0a6409f7e760934bf-rc8cfvmeaitk2urqayi253wqclbj23gvzpf8jauf00.png\" title=\"c3641733f04f5126b4d0d9e0a6409f7e760934bf\" alt=\"c3641733f04f5126b4d0d9e0a6409f7e760934bf\" loading=\"lazy\" \/>\t\t\t\t\t\t\t\t\t\t\t\t\t\t\t<\/div>\n\t\t\t\t<\/div>\n\t\t<div class=\"elementor-element elementor-element-4e455b5 e-con-full e-flex e-con e-child\" data-id=\"4e455b5\" data-element_type=\"container\" data-e-type=\"container\">\n\t\t\t\t<div class=\"elementor-element elementor-element-4890956 elementor-widget elementor-widget-heading\" data-id=\"4890956\" data-element_type=\"widget\" data-e-type=\"widget\" data-widget_type=\"heading.default\">\n\t\t\t\t\t<h2 class=\"elementor-heading-title elementor-size-default\">UNSERE <span style=\"font-family: inherit;font-size: 2rem\">VORTEILE<\/span><span style=\"font-family: inherit;font-size: 2rem\"> <\/span><\/h2>\t\t\t\t<\/div>\n\t\t\t\t<div class=\"elementor-element elementor-element-c3cdc7f elementor-widget elementor-widget-heading\" data-id=\"c3cdc7f\" data-element_type=\"widget\" data-e-type=\"widget\" data-widget_type=\"heading.default\">\n\t\t\t\t\t<h5 class=\"elementor-heading-title elementor-size-default\"><p><span style=\"color:#FEA750\">GMP-ZERTIFIZIERTE PRODUKTE<\/span><span style=\"color: inherit;font-family: inherit;font-size: 1.25rem\"><\/span><\/p><\/h5>\t\t\t\t<\/div>\n\t\t\t\t<div class=\"elementor-element elementor-element-320b026 elementor-widget elementor-widget-text-editor\" data-id=\"320b026\" data-element_type=\"widget\" data-e-type=\"widget\" data-widget_type=\"text-editor.default\">\n\t\t\t\t\t\t\t\t\t<p><span style=\"white-space-collapse: preserve;\">Da \u00c4rztinnen und \u00c4rzte einen gewissen Spielraum bei der Entscheidung haben, ist ein Cannabisrezept grunds\u00e4tzlich f\u00fcr viele Erwachsene m\u00f6glich. Allerdings herrscht unter nach wie vor Zur\u00fcckhaltung \u2013 oft aus rechtlicher Unsicherheit. Auch wenn die Akzeptanz in der \u00c4rzteschaft zunimmt (zwischen 2020 und 2021 stieg die Verordnungsrate um 12 %), ist Cannabis noch kein selbstverst\u00e4ndliches Arzneimittel.<\/span><\/p>\t\t\t\t\t\t\t\t<\/div>\n\t\t\t\t<div class=\"elementor-element elementor-element-3feedb7 elementor-widget elementor-widget-heading\" data-id=\"3feedb7\" data-element_type=\"widget\" data-e-type=\"widget\" data-widget_type=\"heading.default\">\n\t\t\t\t\t<h5 class=\"elementor-heading-title elementor-size-default\"><p><span style=\"color:#FEA750\">GRO\u00dfES SORTIMENT<\/span><span style=\"color: inherit;font-family: inherit;font-size: 1.25rem\"><\/span><\/p><\/h5>\t\t\t\t<\/div>\n\t\t\t\t<div class=\"elementor-element elementor-element-de371ca elementor-widget elementor-widget-text-editor\" data-id=\"de371ca\" data-element_type=\"widget\" data-e-type=\"widget\" data-widget_type=\"text-editor.default\">\n\t\t\t\t\t\t\t\t\t<p><span style=\"white-space-collapse: preserve;\">Wir bieten Apotheken und Patienten eine gro\u00dfe Auswahl verschiedenster hochwertiger Produkte renommierter Produzenten f\u00fcr vielseitige Therapieformen. Dabei achten wir sowohl auf Breite als auch auf Tiefe unseres Sortiments, hinsichtlich der Wirkstoffe aber auch der Preise.<\/span><\/p>\t\t\t\t\t\t\t\t<\/div>\n\t\t\t\t<div class=\"elementor-element elementor-element-a869132 elementor-widget elementor-widget-heading\" data-id=\"a869132\" data-element_type=\"widget\" data-e-type=\"widget\" data-widget_type=\"heading.default\">\n\t\t\t\t\t<h5 class=\"elementor-heading-title elementor-size-default\"><p>  <span style=\"color:#FEA750\">SICHERE PRODUKTE<\/span><span style=\"color: inherit;font-family: inherit;font-size: 1.25rem\"><\/span><\/p><\/h5>\t\t\t\t<\/div>\n\t\t\t\t<div class=\"elementor-element elementor-element-0fd7212 elementor-widget elementor-widget-text-editor\" data-id=\"0fd7212\" data-element_type=\"widget\" data-e-type=\"widget\" data-widget_type=\"text-editor.default\">\n\t\t\t\t\t\t\t\t\t<p><span style=\"white-space-collapse: preserve;\">Durch die Zusammenarbeit mit vielen Produzenten aus verschiedensten L\u00e4ndern stellen wir auch bei regionalen Lieferengp\u00e4ssen jederzeit eine sichere Versorgung in h\u00f6chster Qualit\u00e4t sicher.<\/span><\/p>\t\t\t\t\t\t\t\t<\/div>\n\t\t\t\t<\/div>\n\t\t\t\t\t<\/div>\n\t\t\t\t<\/div>\n\t\t<div class=\"elementor-element elementor-element-a031d32 e-flex e-con-boxed e-con e-parent\" data-id=\"a031d32\" data-element_type=\"container\" data-e-type=\"container\" data-settings=\"{&quot;background_background&quot;:&quot;classic&quot;}\">\n\t\t\t\t\t<div class=\"e-con-inner\">\n\t\t<div class=\"elementor-element elementor-element-e31701f e-con-full e-flex e-con e-child\" data-id=\"e31701f\" data-element_type=\"container\" data-e-type=\"container\" data-settings=\"{&quot;background_background&quot;:&quot;classic&quot;}\">\n\t\t\t\t<div class=\"elementor-element elementor-element-5a44ccf elementor-widget elementor-widget-n-accordion\" data-id=\"5a44ccf\" data-element_type=\"widget\" data-e-type=\"widget\" data-settings=\"{&quot;default_state&quot;:&quot;expanded&quot;,&quot;max_items_expended&quot;:&quot;one&quot;,&quot;n_accordion_animation_duration&quot;:{&quot;unit&quot;:&quot;ms&quot;,&quot;size&quot;:400,&quot;sizes&quot;:[]}}\" data-widget_type=\"nested-accordion.default\">\n\t\t\t\t\t\t\t<div class=\"e-n-accordion\" aria-label=\"Accordion. Open links with Enter or Space, close with Escape, and navigate with Arrow Keys\">\n\t\t\t\t\t\t<details id=\"e-n-accordion-item-9460\" class=\"e-n-accordion-item\" open>\n\t\t\t\t<summary class=\"e-n-accordion-item-title\" data-accordion-index=\"1\" tabindex=\"0\" aria-expanded=\"true\" aria-controls=\"e-n-accordion-item-9460\" >\n\t\t\t\t\t<span class='e-n-accordion-item-title-header'><div class=\"e-n-accordion-item-title-text\"> Kann Medizinalcannabis nur privat verschrieben werden oder zahlt die Krankenkasse? <\/div><\/span>\n\t\t\t\t\t\t\t<span class='e-n-accordion-item-title-icon'>\n\t\t\t<span class='e-opened' ><svg aria-hidden=\"true\" class=\"e-font-icon-svg e-fas-chevron-circle-up\" viewBox=\"0 0 512 512\" xmlns=\"http:\/\/www.w3.org\/2000\/svg\"><path d=\"M8 256C8 119 119 8 256 8s248 111 248 248-111 248-248 248S8 393 8 256zm231-113.9L103.5 277.6c-9.4 9.4-9.4 24.6 0 33.9l17 17c9.4 9.4 24.6 9.4 33.9 0L256 226.9l101.6 101.6c9.4 9.4 24.6 9.4 33.9 0l17-17c9.4-9.4 9.4-24.6 0-33.9L273 142.1c-9.4-9.4-24.6-9.4-34 0z\"><\/path><\/svg><\/span>\n\t\t\t<span class='e-closed'><svg aria-hidden=\"true\" class=\"e-font-icon-svg e-fas-chevron-circle-down\" viewBox=\"0 0 512 512\" xmlns=\"http:\/\/www.w3.org\/2000\/svg\"><path d=\"M504 256c0 137-111 248-248 248S8 393 8 256 119 8 256 8s248 111 248 248zM273 369.9l135.5-135.5c9.4-9.4 9.4-24.6 0-33.9l-17-17c-9.4-9.4-24.6-9.4-33.9 0L256 285.1 154.4 183.5c-9.4-9.4-24.6-9.4-33.9 0l-17 17c-9.4 9.4-9.4 24.6 0 33.9L239 369.9c9.4 9.4 24.6 9.4 34 0z\"><\/path><\/svg><\/span>\n\t\t<\/span>\n\n\t\t\t\t\t\t<\/summary>\n\t\t\t\t<div role=\"region\" aria-labelledby=\"e-n-accordion-item-9460\" class=\"elementor-element elementor-element-e0f16ab e-con-full e-flex e-con e-child\" data-id=\"e0f16ab\" data-element_type=\"container\" data-e-type=\"container\">\n\t\t\t\t<div class=\"elementor-element elementor-element-b02ad21 elementor-widget elementor-widget-text-editor\" data-id=\"b02ad21\" data-element_type=\"widget\" data-e-type=\"widget\" data-widget_type=\"text-editor.default\">\n\t\t\t\t\t\t\t\t\t<p>Nahezu alle \u00c4rzte k\u00f6nnen unabh\u00e4ngig davon, ob die gesetzliche Krankenkasse die Kosten \u00fcbernimmt, Medizinalcannabis auf Rezept verschreiben. Sollte keine Kosten\u00fcbernahme m\u00f6glich sein, besteht die M\u00f6glichkeit der Verschreibung als Privatrezept, bei dem die Patienten die Kosten selbst zu tragen haben. \u00c4rzte d\u00fcrfen Cannabis auch dann verschreiben, wenn die Krankenkasse die Kosten nicht \u00fcbernimmt. Dann muss der Patient oder die Patientin das Arzneimittel einfach privat bezahlen.<\/p>\t\t\t\t\t\t\t\t<\/div>\n\t\t\t\t<\/div>\n\t\t\t\t\t<\/details>\n\t\t\t\t\t\t<details id=\"e-n-accordion-item-9461\" class=\"e-n-accordion-item\" >\n\t\t\t\t<summary class=\"e-n-accordion-item-title\" data-accordion-index=\"2\" tabindex=\"-1\" aria-expanded=\"false\" aria-controls=\"e-n-accordion-item-9461\" >\n\t\t\t\t\t<span class='e-n-accordion-item-title-header'><div class=\"e-n-accordion-item-title-text\"> Unter welchen Voraussetzungen \u00fcbernimmt die Krankenkasse die Kosten f\u00fcr Medizinalcannabis? <\/div><\/span>\n\t\t\t\t\t\t\t<span class='e-n-accordion-item-title-icon'>\n\t\t\t<span class='e-opened' ><svg aria-hidden=\"true\" class=\"e-font-icon-svg e-fas-chevron-circle-up\" viewBox=\"0 0 512 512\" xmlns=\"http:\/\/www.w3.org\/2000\/svg\"><path d=\"M8 256C8 119 119 8 256 8s248 111 248 248-111 248-248 248S8 393 8 256zm231-113.9L103.5 277.6c-9.4 9.4-9.4 24.6 0 33.9l17 17c9.4 9.4 24.6 9.4 33.9 0L256 226.9l101.6 101.6c9.4 9.4 24.6 9.4 33.9 0l17-17c9.4-9.4 9.4-24.6 0-33.9L273 142.1c-9.4-9.4-24.6-9.4-34 0z\"><\/path><\/svg><\/span>\n\t\t\t<span class='e-closed'><svg aria-hidden=\"true\" class=\"e-font-icon-svg e-fas-chevron-circle-down\" viewBox=\"0 0 512 512\" xmlns=\"http:\/\/www.w3.org\/2000\/svg\"><path d=\"M504 256c0 137-111 248-248 248S8 393 8 256 119 8 256 8s248 111 248 248zM273 369.9l135.5-135.5c9.4-9.4 9.4-24.6 0-33.9l-17-17c-9.4-9.4-24.6-9.4-33.9 0L256 285.1 154.4 183.5c-9.4-9.4-24.6-9.4-33.9 0l-17 17c-9.4 9.4-9.4 24.6 0 33.9L239 369.9c9.4 9.4 24.6 9.4 34 0z\"><\/path><\/svg><\/span>\n\t\t<\/span>\n\n\t\t\t\t\t\t<\/summary>\n\t\t\t\t<div role=\"region\" aria-labelledby=\"e-n-accordion-item-9461\" class=\"elementor-element elementor-element-eadf617 e-con-full e-flex e-con e-child\" data-id=\"eadf617\" data-element_type=\"container\" data-e-type=\"container\">\n\t\t\t\t<div class=\"elementor-element elementor-element-2044a2f elementor-widget elementor-widget-text-editor\" data-id=\"2044a2f\" data-element_type=\"widget\" data-e-type=\"widget\" data-widget_type=\"text-editor.default\">\n\t\t\t\t\t\t\t\t\t<p>Bei vorliegen einer schwerwiegenden Erkrankung. Keine allgemein anerkannte Behandlungsalternative, die dem medizinischen Standard entspricht und individuell geeignet w\u00e4re. Hierzu z\u00e4hlen auch Behandlungen mit schweren Nebenwirkungen Aussicht, dass eine Behandlung mit medizinischem Cannabis den Krankheitsverlauf oder die Symptome positiv beeinfluss.<\/p>\t\t\t\t\t\t\t\t<\/div>\n\t\t\t\t<\/div>\n\t\t\t\t\t<\/details>\n\t\t\t\t\t\t<details id=\"e-n-accordion-item-9462\" class=\"e-n-accordion-item\" >\n\t\t\t\t<summary class=\"e-n-accordion-item-title\" data-accordion-index=\"3\" tabindex=\"-1\" aria-expanded=\"false\" aria-controls=\"e-n-accordion-item-9462\" >\n\t\t\t\t\t<span class='e-n-accordion-item-title-header'><div class=\"e-n-accordion-item-title-text\"> Welche Angaben muss ein Medizinalcannabisrezept beinhalten? <\/div><\/span>\n\t\t\t\t\t\t\t<span class='e-n-accordion-item-title-icon'>\n\t\t\t<span class='e-opened' ><svg aria-hidden=\"true\" class=\"e-font-icon-svg e-fas-chevron-circle-up\" viewBox=\"0 0 512 512\" xmlns=\"http:\/\/www.w3.org\/2000\/svg\"><path d=\"M8 256C8 119 119 8 256 8s248 111 248 248-111 248-248 248S8 393 8 256zm231-113.9L103.5 277.6c-9.4 9.4-9.4 24.6 0 33.9l17 17c9.4 9.4 24.6 9.4 33.9 0L256 226.9l101.6 101.6c9.4 9.4 24.6 9.4 33.9 0l17-17c9.4-9.4 9.4-24.6 0-33.9L273 142.1c-9.4-9.4-24.6-9.4-34 0z\"><\/path><\/svg><\/span>\n\t\t\t<span class='e-closed'><svg aria-hidden=\"true\" class=\"e-font-icon-svg e-fas-chevron-circle-down\" viewBox=\"0 0 512 512\" xmlns=\"http:\/\/www.w3.org\/2000\/svg\"><path d=\"M504 256c0 137-111 248-248 248S8 393 8 256 119 8 256 8s248 111 248 248zM273 369.9l135.5-135.5c9.4-9.4 9.4-24.6 0-33.9l-17-17c-9.4-9.4-24.6-9.4-33.9 0L256 285.1 154.4 183.5c-9.4-9.4-24.6-9.4-33.9 0l-17 17c-9.4 9.4-9.4 24.6 0 33.9L239 369.9c9.4 9.4 24.6 9.4 34 0z\"><\/path><\/svg><\/span>\n\t\t<\/span>\n\n\t\t\t\t\t\t<\/summary>\n\t\t\t\t<div role=\"region\" aria-labelledby=\"e-n-accordion-item-9462\" class=\"elementor-element elementor-element-b16d8ef e-con-full e-flex e-con e-child\" data-id=\"b16d8ef\" data-element_type=\"container\" data-e-type=\"container\">\n\t\t\t\t<div class=\"elementor-element elementor-element-1c32af1 elementor-widget elementor-widget-text-editor\" data-id=\"1c32af1\" data-element_type=\"widget\" data-e-type=\"widget\" data-widget_type=\"text-editor.default\">\n\t\t\t\t\t\t\t\t\t<p>Name, Vorname, Anschrift des Patienten sowie das Ausstellungsdatum Bezeichnung des Arzneimittels: Eine allgemeine Angabe wie \u201eCannabis\u201c ist nicht ausreichend, sondern das Rezept muss den vollst\u00e4ndigen Namen der verordneten Bl\u00fcte oder des verschriebenen Extrakts enthalten. Darreichungsmenge in Gramm oder Milliliter und &#8211; form m\u00fcssen genauso angegeben werden, sowie die Anwendungshinweise in Form von Einzel- oder Tagesdosen Name des verschreibenden Arztes, Berufsbezeichnung inklusive Anschrift und Telefonnummer. Unterschrift\/Stempel des verordnenden Arztes.<\/p>\t\t\t\t\t\t\t\t<\/div>\n\t\t\t\t<\/div>\n\t\t\t\t\t<\/details>\n\t\t\t\t\t<\/div>\n\t\t\t\t\t\t<\/div>\n\t\t<div class=\"elementor-element elementor-element-6e75310 e-con-full e-flex e-con e-child\" data-id=\"6e75310\" data-element_type=\"container\" data-e-type=\"container\">\n\t\t\t\t<div class=\"elementor-element elementor-element-bbb7ab4 elementor-widget elementor-widget-heading\" data-id=\"bbb7ab4\" data-element_type=\"widget\" data-e-type=\"widget\" data-widget_type=\"heading.default\">\n\t\t\t\t\t<h2 class=\"elementor-heading-title elementor-size-default\">VERSCHREIBUNG<\/h2>\t\t\t\t<\/div>\n\t\t\t\t<\/div>\n\t\t\t\t<\/div>\n\t\t<div class=\"elementor-element elementor-element-bdc25ea e-con-full e-flex e-con e-child\" data-id=\"bdc25ea\" data-element_type=\"container\" data-e-type=\"container\">\n\t\t\t\t<div class=\"elementor-element elementor-element-eab294b elementor-widget elementor-widget-image\" data-id=\"eab294b\" data-element_type=\"widget\" data-e-type=\"widget\" data-widget_type=\"image.default\">\n\t\t\t\t\t\t\t\t\t\t\t\t\t\t\t<img decoding=\"async\" width=\"573\" height=\"572\" src=\"https:\/\/kineo-medical.de\/wp-content\/uploads\/2025\/09\/frau.png\" class=\"attachment-2048x2048 size-2048x2048 wp-image-956\" alt=\"\" srcset=\"https:\/\/kineo-medical.de\/wp-content\/uploads\/2025\/09\/frau.png 573w, https:\/\/kineo-medical.de\/wp-content\/uploads\/2025\/09\/frau-300x300.png 300w, https:\/\/kineo-medical.de\/wp-content\/uploads\/2025\/09\/frau-150x150.png 150w\" sizes=\"(max-width: 573px) 100vw, 573px\" \/>\t\t\t\t\t\t\t\t\t\t\t\t\t\t\t<\/div>\n\t\t\t\t<\/div>\n\t\t\t\t\t<\/div>\n\t\t\t\t<\/div>\n\t\t<div class=\"elementor-element elementor-element-a035812 e-flex e-con-boxed e-con e-parent\" data-id=\"a035812\" data-element_type=\"container\" data-e-type=\"container\" data-settings=\"{&quot;background_background&quot;:&quot;classic&quot;}\">\n\t\t\t\t\t<div class=\"e-con-inner\">\n\t\t<div class=\"elementor-element elementor-element-0630d35 e-con-full e-flex e-con e-child\" data-id=\"0630d35\" data-element_type=\"container\" data-e-type=\"container\">\n\t\t\t\t<div class=\"elementor-element elementor-element-169adab elementor-widget elementor-widget-image\" data-id=\"169adab\" data-element_type=\"widget\" data-e-type=\"widget\" data-widget_type=\"image.default\">\n\t\t\t\t\t\t\t\t\t\t\t\t\t\t\t<img decoding=\"async\" width=\"572\" height=\"586\" src=\"https:\/\/kineo-medical.de\/wp-content\/uploads\/2025\/09\/lesen.png\" class=\"attachment-large size-large wp-image-972\" alt=\"\" srcset=\"https:\/\/kineo-medical.de\/wp-content\/uploads\/2025\/09\/lesen.png 572w, https:\/\/kineo-medical.de\/wp-content\/uploads\/2025\/09\/lesen-293x300.png 293w\" sizes=\"(max-width: 572px) 100vw, 572px\" \/>\t\t\t\t\t\t\t\t\t\t\t\t\t\t\t<\/div>\n\t\t\t\t<\/div>\n\t\t<div class=\"elementor-element elementor-element-e622848 e-con-full e-flex e-con e-child\" data-id=\"e622848\" data-element_type=\"container\" data-e-type=\"container\">\n\t\t\t\t<div class=\"elementor-element elementor-element-29d6151 elementor-widget elementor-widget-heading\" data-id=\"29d6151\" data-element_type=\"widget\" data-e-type=\"widget\" data-widget_type=\"heading.default\">\n\t\t\t\t\t<h2 class=\"elementor-heading-title elementor-size-default\">MEHR ZUM DOWNLOAD<\/h2>\t\t\t\t<\/div>\n\t\t<div class=\"elementor-element elementor-element-0360996 e-con-full e-flex e-con e-child\" data-id=\"0360996\" data-element_type=\"container\" data-e-type=\"container\" data-settings=\"{&quot;background_background&quot;:&quot;classic&quot;}\">\n\t\t\t\t<div class=\"elementor-element elementor-element-999fc46 elementor-widget elementor-widget-heading\" data-id=\"999fc46\" data-element_type=\"widget\" data-e-type=\"widget\" data-widget_type=\"heading.default\">\n\t\t\t\t\t<span class=\"elementor-heading-title elementor-size-default\"><a href=\"https:\/\/kineo-medical.de\/wp-content\/uploads\/2025\/10\/kineo-medical_produktportfolio_fuer-web-1.pdf\" target=\"_blank\">Download-Datei\n<\/a><\/span>\t\t\t\t<\/div>\n\t\t\t\t<\/div>\n\t\t\t\t<\/div>\n\t\t\t\t\t<\/div>\n\t\t\t\t<\/div>\n\t\t\t\t<\/div>\n\t\t","protected":false},"excerpt":{"rendered":"<p>apotheken apotheken UNSERE VORTEILE GMP-ZERTIFIZIERTE PRODUKTE Da \u00c4rztinnen und \u00c4rzte einen gewissen Spielraum bei der Entscheidung haben, ist ein Cannabisrezept grunds\u00e4tzlich f\u00fcr viele Erwachsene m\u00f6glich. Allerdings herrscht unter nach wie vor Zur\u00fcckhaltung \u2013 oft aus rechtlicher Unsicherheit. Auch wenn die Akzeptanz in der \u00c4rzteschaft zunimmt (zwischen 2020 und 2021 stieg die Verordnungsrate um 12 %), [&hellip;]<\/p>\n","protected":false},"author":2,"featured_media":0,"parent":0,"menu_order":0,"comment_status":"closed","ping_status":"closed","template":"","meta":{"footnotes":""},"class_list":["post-660","page","type-page","status-publish","hentry"],"_links":{"self":[{"href":"https:\/\/kineo-medical.de\/index.php?rest_route=\/wp\/v2\/pages\/660","targetHints":{"allow":["GET"]}}],"collection":[{"href":"https:\/\/kineo-medical.de\/index.php?rest_route=\/wp\/v2\/pages"}],"about":[{"href":"https:\/\/kineo-medical.de\/index.php?rest_route=\/wp\/v2\/types\/page"}],"author":[{"embeddable":true,"href":"https:\/\/kineo-medical.de\/index.php?rest_route=\/wp\/v2\/users\/2"}],"replies":[{"embeddable":true,"href":"https:\/\/kineo-medical.de\/index.php?rest_route=%2Fwp%2Fv2%2Fcomments&post=660"}],"version-history":[{"count":119,"href":"https:\/\/kineo-medical.de\/index.php?rest_route=\/wp\/v2\/pages\/660\/revisions"}],"predecessor-version":[{"id":3788,"href":"https:\/\/kineo-medical.de\/index.php?rest_route=\/wp\/v2\/pages\/660\/revisions\/3788"}],"wp:attachment":[{"href":"https:\/\/kineo-medical.de\/index.php?rest_route=%2Fwp%2Fv2%2Fmedia&parent=660"}],"curies":[{"name":"wp","href":"https:\/\/api.w.org\/{rel}","templated":true}]}}