{"id":670,"date":"2025-09-24T09:49:13","date_gmt":"2025-09-24T07:49:13","guid":{"rendered":"https:\/\/pre.kineo-medical.de\/?page_id=670"},"modified":"2025-11-06T17:08:05","modified_gmt":"2025-11-06T16:08:05","slug":"aerzte","status":"publish","type":"page","link":"https:\/\/kineo-medical.de\/?page_id=670","title":{"rendered":"\u00c4rzte"},"content":{"rendered":"\t\t<div data-elementor-type=\"wp-page\" data-elementor-id=\"670\" class=\"elementor elementor-670\" data-elementor-post-type=\"page\">\n\t\t\t\t<div class=\"elementor-element elementor-element-56cab21 elementor-hidden-mobile e-flex e-con-boxed e-con e-parent\" data-id=\"56cab21\" data-element_type=\"container\" data-e-type=\"container\">\n\t\t\t\t\t<div class=\"e-con-inner\">\n\t\t<div class=\"elementor-element elementor-element-a5858df e-con-full e-flex e-con e-child\" data-id=\"a5858df\" data-element_type=\"container\" data-e-type=\"container\" data-settings=\"{&quot;background_background&quot;:&quot;classic&quot;}\">\n\t\t\t\t<\/div>\n\t\t<div class=\"elementor-element elementor-element-f383e40 e-con-full e-flex e-con e-child\" data-id=\"f383e40\" data-element_type=\"container\" data-e-type=\"container\">\n\t\t\t\t<div class=\"elementor-element elementor-element-146dac8 elementor-widget elementor-widget-image\" data-id=\"146dac8\" data-element_type=\"widget\" data-e-type=\"widget\" data-widget_type=\"image.default\">\n\t\t\t\t\t\t\t\t\t\t\t\t\t\t\t<img fetchpriority=\"high\" decoding=\"async\" width=\"1440\" height=\"807\" src=\"https:\/\/kineo-medical.de\/wp-content\/uploads\/2025\/09\/doc.png\" class=\"attachment-full size-full wp-image-886\" alt=\"\" srcset=\"https:\/\/kineo-medical.de\/wp-content\/uploads\/2025\/09\/doc.png 1440w, https:\/\/kineo-medical.de\/wp-content\/uploads\/2025\/09\/doc-300x168.png 300w, https:\/\/kineo-medical.de\/wp-content\/uploads\/2025\/09\/doc-1024x574.png 1024w, https:\/\/kineo-medical.de\/wp-content\/uploads\/2025\/09\/doc-768x430.png 768w\" sizes=\"(max-width: 1440px) 100vw, 1440px\" \/>\t\t\t\t\t\t\t\t\t\t\t\t\t\t\t<\/div>\n\t\t\t\t<div class=\"elementor-element elementor-element-68cb5f1 elementor-widget elementor-widget-heading\" data-id=\"68cb5f1\" data-element_type=\"widget\" data-e-type=\"widget\" data-widget_type=\"heading.default\">\n\t\t\t\t\t<h2 class=\"elementor-heading-title elementor-size-default\">\u00e4rzte<\/h2>\t\t\t\t<\/div>\n\t\t\t\t<\/div>\n\t\t<div class=\"elementor-element elementor-element-09f198e e-con-full e-flex e-con e-child\" data-id=\"09f198e\" data-element_type=\"container\" data-e-type=\"container\" data-settings=\"{&quot;background_background&quot;:&quot;classic&quot;}\">\n\t\t\t\t<\/div>\n\t\t\t\t\t<\/div>\n\t\t\t\t<\/div>\n\t\t<div class=\"elementor-element elementor-element-0587fcf elementor-hidden-desktop elementor-hidden-tablet e-flex e-con-boxed e-con e-parent\" data-id=\"0587fcf\" data-element_type=\"container\" data-e-type=\"container\" data-settings=\"{&quot;background_background&quot;:&quot;classic&quot;}\">\n\t\t\t\t\t<div class=\"e-con-inner\">\n\t\t\t\t<div class=\"elementor-element elementor-element-4e67d51 elementor-widget elementor-widget-heading\" data-id=\"4e67d51\" data-element_type=\"widget\" data-e-type=\"widget\" data-widget_type=\"heading.default\">\n\t\t\t\t\t<h2 class=\"elementor-heading-title elementor-size-default\">\u00c4rzte<\/h2>\t\t\t\t<\/div>\n\t\t\t\t\t<\/div>\n\t\t\t\t<\/div>\n\t\t<div class=\"elementor-element elementor-element-8e43d28 e-flex e-con-boxed e-con e-parent\" data-id=\"8e43d28\" data-element_type=\"container\" data-e-type=\"container\" data-settings=\"{&quot;background_background&quot;:&quot;classic&quot;}\">\n\t\t\t\t\t<div class=\"e-con-inner\">\n\t\t<div class=\"elementor-element elementor-element-1c212da e-con-full e-flex e-con e-child\" data-id=\"1c212da\" data-element_type=\"container\" data-e-type=\"container\">\n\t\t<div class=\"elementor-element elementor-element-9ac1301 e-con-full e-flex e-con e-child\" data-id=\"9ac1301\" data-element_type=\"container\" data-e-type=\"container\">\n\t\t\t\t<div class=\"elementor-element elementor-element-094b9ac elementor-widget elementor-widget-image\" data-id=\"094b9ac\" data-element_type=\"widget\" data-e-type=\"widget\" data-widget_type=\"image.default\">\n\t\t\t\t\t\t\t\t\t\t\t\t\t\t\t<img decoding=\"async\" width=\"800\" height=\"928\" src=\"https:\/\/kineo-medical.de\/wp-content\/uploads\/2025\/11\/1381001f3278d16045b4c4ea2bb2bbba24a587a9-1-883x1024.png\" class=\"attachment-large size-large wp-image-3629\" alt=\"\" srcset=\"https:\/\/kineo-medical.de\/wp-content\/uploads\/2025\/11\/1381001f3278d16045b4c4ea2bb2bbba24a587a9-1-883x1024.png 883w, https:\/\/kineo-medical.de\/wp-content\/uploads\/2025\/11\/1381001f3278d16045b4c4ea2bb2bbba24a587a9-1-259x300.png 259w, https:\/\/kineo-medical.de\/wp-content\/uploads\/2025\/11\/1381001f3278d16045b4c4ea2bb2bbba24a587a9-1-768x890.png 768w, https:\/\/kineo-medical.de\/wp-content\/uploads\/2025\/11\/1381001f3278d16045b4c4ea2bb2bbba24a587a9-1.png 1024w\" sizes=\"(max-width: 800px) 100vw, 800px\" \/>\t\t\t\t\t\t\t\t\t\t\t\t\t\t\t<\/div>\n\t\t\t\t<\/div>\n\t\t<div class=\"elementor-element elementor-element-f42e986 e-con-full e-flex e-con e-child\" data-id=\"f42e986\" data-element_type=\"container\" data-e-type=\"container\">\n\t\t\t\t<div class=\"elementor-element elementor-element-9dba148 elementor-widget-mobile__width-initial elementor-widget elementor-widget-heading\" data-id=\"9dba148\" data-element_type=\"widget\" data-e-type=\"widget\" data-widget_type=\"heading.default\">\n\t\t\t\t\t<h2 class=\"elementor-heading-title elementor-size-default\"><p>  <span style=\"color:#FEA750\">THERAPIECHANCEN<\/span> MIT MEDIZINISCHEM \n  <span style=\"color:#FEA750\">CANNABIS<\/span><span style=\"font-family: inherit;font-size: 2rem\"><\/span><\/p><\/h2>\t\t\t\t<\/div>\n\t\t\t\t<div class=\"elementor-element elementor-element-dae882d elementor-widget elementor-widget-text-editor\" data-id=\"dae882d\" data-element_type=\"widget\" data-e-type=\"widget\" data-widget_type=\"text-editor.default\">\n\t\t\t\t\t\t\t\t\t<p><span style=\"white-space-collapse: preserve;\">Medizinalcannabis bildet bei zahlreichen Symptomen wie chronischen Schmerzen, Spastiken oder \u00dcbelkeit eine naturbasierte und alternative Therapieform. Die Vielzahl der Wirkstoffe und Einnahmeformen erm\u00f6glicht personalisierte Behandlungsformen, die individuell auf die Patientenbed\u00fcrfnisse abgestimmt werden k\u00f6nnen. <\/span><\/p><p><span style=\"white-space-collapse: preserve;\">Als spezialisiertes Pharmaunternehmen beobachten wir Studien weltweit, die sich mit den vielf\u00e4ltigen Einsatzm\u00f6glichkeiten auseinandersetzen. Viele dieser Studien weisen daraufhin, dass Therapien mit Medizinalcannabis bei vielen Symptomen nicht nur Linderung bringt, sondern auch ma\u00dfgeblich zur Verbesserung der Lebensqualit\u00e4t der Patientinnen und Patienten beitr\u00e4gt. Risiken und Nebenwirkungen werden dabei deutlich reduziert.<\/span><\/p>\t\t\t\t\t\t\t\t<\/div>\n\t\t\t\t<\/div>\n\t\t\t\t<\/div>\n\t\t\t\t\t<\/div>\n\t\t\t\t<\/div>\n\t\t<div class=\"elementor-element elementor-element-7d9b5df e-flex e-con-boxed e-con e-parent\" data-id=\"7d9b5df\" data-element_type=\"container\" data-e-type=\"container\" data-settings=\"{&quot;background_background&quot;:&quot;classic&quot;}\">\n\t\t\t\t\t<div class=\"e-con-inner\">\n\t\t<div class=\"elementor-element elementor-element-4edb051 e-con-full e-flex e-con e-child\" data-id=\"4edb051\" data-element_type=\"container\" data-e-type=\"container\">\n\t\t\t\t<div class=\"elementor-element elementor-element-17c04c4 elementor-widget elementor-widget-heading\" data-id=\"17c04c4\" data-element_type=\"widget\" data-e-type=\"widget\" data-widget_type=\"heading.default\">\n\t\t\t\t\t<h2 class=\"elementor-heading-title elementor-size-default\"><span data-metadata=\"&lt;!--(figmeta)eyJmaWxlS2V5IjoiQzdEc1dQMDZ0Y0NxQnQzM0JyaFZMWiIsInBhc3RlSUQiOjU0OTIzNzQ3NiwiZGF0YVR5cGUiOiJzY2VuZSJ9Cg==(\/figmeta)--&gt;\"><\/span>INTERESSE AN MEDIZINISCHEM CANNABIS? SCHREIBEN SIE UNS<\/h2>\t\t\t\t<\/div>\n\t\t\t\t<div class=\"elementor-element elementor-element-2c75290 elementor-widget elementor-widget-text-editor\" data-id=\"2c75290\" data-element_type=\"widget\" data-e-type=\"widget\" data-widget_type=\"text-editor.default\">\n\t\t\t\t\t\t\t\t\t<p><span style=\"white-space-collapse: preserve;\">Sie sind Arzt oder \u00c4rztin und wollen mehr \u00fcber die Einsatzm\u00f6glichkeiten von medizinischem Cannabis erfahren? Dann kontaktieren Sie uns f\u00fcr mehr Informationen.<\/span><\/p>\t\t\t\t\t\t\t\t<\/div>\n\t\t\t\t<div class=\"elementor-element elementor-element-c14506f elementor-button-align-stretch elementor-widget elementor-widget-form\" data-id=\"c14506f\" data-element_type=\"widget\" data-e-type=\"widget\" data-settings=\"{&quot;step_next_label&quot;:&quot;N\\u00e4chster&quot;,&quot;step_previous_label&quot;:&quot;Voriger&quot;,&quot;button_width&quot;:&quot;100&quot;,&quot;step_type&quot;:&quot;number_text&quot;,&quot;step_icon_shape&quot;:&quot;circle&quot;}\" data-widget_type=\"form.default\">\n\t\t\t\t\t\t\t<form class=\"elementor-form\" method=\"post\" name=\"Neues Formular\" aria-label=\"Neues Formular\">\n\t\t\t<input type=\"hidden\" name=\"post_id\" value=\"670\"\/>\n\t\t\t<input type=\"hidden\" name=\"form_id\" value=\"c14506f\"\/>\n\t\t\t<input type=\"hidden\" name=\"referer_title\" value=\"\" \/>\n\n\t\t\t\n\t\t\t<div class=\"elementor-form-fields-wrapper elementor-labels-\">\n\t\t\t\t\t\t\t\t<div class=\"elementor-field-type-text elementor-field-group elementor-column elementor-field-group-name elementor-col-100\">\n\t\t\t\t\t\t\t\t\t\t\t\t<label for=\"form-field-name\" class=\"elementor-field-label elementor-screen-only\">\n\t\t\t\t\t\t\t\tName\t\t\t\t\t\t\t<\/label>\n\t\t\t\t\t\t\t\t\t\t\t\t\t\t<input size=\"1\" type=\"text\" name=\"form_fields[name]\" id=\"form-field-name\" class=\"elementor-field elementor-size-sm  elementor-field-textual\" placeholder=\"Name\">\n\t\t\t\t\t\t\t\t\t\t\t<\/div>\n\t\t\t\t\t\t\t\t<div class=\"elementor-field-type-email elementor-field-group elementor-column elementor-field-group-email elementor-col-100 elementor-field-required\">\n\t\t\t\t\t\t\t\t\t\t\t\t<label for=\"form-field-email\" class=\"elementor-field-label elementor-screen-only\">\n\t\t\t\t\t\t\t\tE-Mail\t\t\t\t\t\t\t<\/label>\n\t\t\t\t\t\t\t\t\t\t\t\t\t\t<input size=\"1\" type=\"email\" name=\"form_fields[email]\" id=\"form-field-email\" class=\"elementor-field elementor-size-sm  elementor-field-textual\" placeholder=\"E-Mail\" required=\"required\">\n\t\t\t\t\t\t\t\t\t\t\t<\/div>\n\t\t\t\t\t\t\t\t<div class=\"elementor-field-type-textarea elementor-field-group elementor-column elementor-field-group-message elementor-col-100\">\n\t\t\t\t\t\t\t\t\t\t\t\t<label for=\"form-field-message\" class=\"elementor-field-label elementor-screen-only\">\n\t\t\t\t\t\t\t\tNachricht\t\t\t\t\t\t\t<\/label>\n\t\t\t\t\t\t<textarea class=\"elementor-field-textual elementor-field  elementor-size-sm\" name=\"form_fields[message]\" id=\"form-field-message\" rows=\"4\" placeholder=\"Nachricht\"><\/textarea>\t\t\t\t<\/div>\n\t\t\t\t\t\t\t\t<div class=\"elementor-field-type-acceptance elementor-field-group elementor-column elementor-field-group-field_8d60904 elementor-col-100 elementor-field-required\">\n\t\t\t\t\t\t\t\t\t\t\t\t<label for=\"form-field-field_8d60904\" class=\"elementor-field-label elementor-screen-only\">\n\t\t\t\t\t\t\t\tDatenschutz\t\t\t\t\t\t\t<\/label>\n\t\t\t\t\t\t\t\t<div class=\"elementor-field-subgroup\">\n\t\t\t<span class=\"elementor-field-option\">\n\t\t\t\t<input type=\"checkbox\" name=\"form_fields[field_8d60904]\" id=\"form-field-field_8d60904\" class=\"elementor-field elementor-size-sm  elementor-acceptance-field\" required=\"required\">\n\t\t\t\t<label for=\"form-field-field_8d60904\">Ich stimme der <a href=\"https:\/\/kineo-medical.de\/?page_id=1258\" style=\"color:#C4FF3C;\">Datenschutzerkl\u00e4rung<\/a> zu.\n<\/label>\t\t\t<\/span>\n\t\t<\/div>\n\t\t\t\t\t\t<\/div>\n\t\t\t\t\t\t\t\t<div class=\"elementor-field-group elementor-column elementor-field-type-submit elementor-col-100 e-form__buttons\">\n\t\t\t\t\t<button class=\"elementor-button elementor-size-sm\" type=\"submit\">\n\t\t\t\t\t\t<span class=\"elementor-button-content-wrapper\">\n\t\t\t\t\t\t\t\t\t\t\t\t\t\t\t\t\t\t\t\t\t\t<span class=\"elementor-button-text\">Nachricht senden<\/span>\n\t\t\t\t\t\t\t\t\t\t\t\t\t<\/span>\n\t\t\t\t\t<\/button>\n\t\t\t\t<\/div>\n\t\t\t<\/div>\n\t\t<\/form>\n\t\t\t\t\t\t<\/div>\n\t\t\t\t<\/div>\n\t\t\t\t\t<\/div>\n\t\t\t\t<\/div>\n\t\t\t\t<\/div>\n\t\t","protected":false},"excerpt":{"rendered":"<p>\u00e4rzte \u00c4rzte THERAPIECHANCEN MIT MEDIZINISCHEM CANNABIS Medizinalcannabis bildet bei zahlreichen Symptomen wie chronischen Schmerzen, Spastiken oder \u00dcbelkeit eine naturbasierte und alternative Therapieform. Die Vielzahl der Wirkstoffe und Einnahmeformen erm\u00f6glicht personalisierte Behandlungsformen, die individuell auf die Patientenbed\u00fcrfnisse abgestimmt werden k\u00f6nnen. Als spezialisiertes Pharmaunternehmen beobachten wir Studien weltweit, die sich mit den vielf\u00e4ltigen Einsatzm\u00f6glichkeiten auseinandersetzen. Viele dieser [&hellip;]<\/p>\n","protected":false},"author":2,"featured_media":0,"parent":0,"menu_order":0,"comment_status":"closed","ping_status":"closed","template":"","meta":{"footnotes":""},"class_list":["post-670","page","type-page","status-publish","hentry"],"_links":{"self":[{"href":"https:\/\/kineo-medical.de\/index.php?rest_route=\/wp\/v2\/pages\/670","targetHints":{"allow":["GET"]}}],"collection":[{"href":"https:\/\/kineo-medical.de\/index.php?rest_route=\/wp\/v2\/pages"}],"about":[{"href":"https:\/\/kineo-medical.de\/index.php?rest_route=\/wp\/v2\/types\/page"}],"author":[{"embeddable":true,"href":"https:\/\/kineo-medical.de\/index.php?rest_route=\/wp\/v2\/users\/2"}],"replies":[{"embeddable":true,"href":"https:\/\/kineo-medical.de\/index.php?rest_route=%2Fwp%2Fv2%2Fcomments&post=670"}],"version-history":[{"count":127,"href":"https:\/\/kineo-medical.de\/index.php?rest_route=\/wp\/v2\/pages\/670\/revisions"}],"predecessor-version":[{"id":3776,"href":"https:\/\/kineo-medical.de\/index.php?rest_route=\/wp\/v2\/pages\/670\/revisions\/3776"}],"wp:attachment":[{"href":"https:\/\/kineo-medical.de\/index.php?rest_route=%2Fwp%2Fv2%2Fmedia&parent=670"}],"curies":[{"name":"wp","href":"https:\/\/api.w.org\/{rel}","templated":true}]}}